{"id":2144,"date":"2023-11-29T16:43:00","date_gmt":"2023-11-29T15:43:00","guid":{"rendered":"https:\/\/innovationticino.com\/?page_id=2144"},"modified":"2023-11-29T17:05:45","modified_gmt":"2023-11-29T16:05:45","slug":"privacy-policy","status":"publish","type":"page","link":"https:\/\/innovationticino.com\/it\/privacy-policy\/","title":{"rendered":"Privacy Policy"},"content":{"rendered":"<p>[vc_row heading_color=&#8221;light&#8221; bg_type=&#8221;image&#8221; bg_image=&#8221;250&#8243; bg_image_type=&#8221;animated&#8221; padding_top_multiplier=&#8221;4x&#8221; padding_bottom_multiplier=&#8221;4x&#8221; equal_column_height=&#8221;equal-column&#8221; font_color=&#8221;#ffffff&#8221;][vc_column vertical_content_position=&#8221;middle&#8221;][vc_row_inner][vc_column_inner tablet_sm_width=&#8221;hide&#8221; mobile_width=&#8221;hide&#8221;]<div class=\"grve-empty-space grve-height-4x\" style=\"\"><\/div>[\/vc_column_inner][\/vc_row_inner][vc_row_inner css=&#8221;.vc_custom_1614005632432{margin-bottom: 0px !important;padding-bottom: 6px !important;}&#8221;][vc_column_inner width=&#8221;3\/4&#8243;][vc_column_text]<\/p>\n<p style=\"text-align: right;\">PARK TICINO | SITE OF PARK ZURICH<\/p>\n<p>[\/vc_column_text][\/vc_column_inner][vc_column_inner width=&#8221;1\/4&#8243;][\/vc_column_inner][\/vc_row_inner][vc_row_inner css=&#8221;.vc_custom_1613643582505{margin-top: 0px !important;padding-top: 0px !important;}&#8221;][vc_column_inner width=&#8221;3\/4&#8243; css=&#8221;.vc_custom_1614005595166{border-top-width: 1px !important;padding-top: 2.1% !important;border-top-color: #ffffff !important;border-top-style: solid !important;}&#8221;][vc_column_text]<\/p>\n<h1><strong style=\"border-top: 8px solid #fff; padding-top: 2%;\">PRIVACY POLICY<\/strong><\/h1>\n<p>[\/vc_column_text][\/vc_column_inner][vc_column_inner width=&#8221;1\/4&#8243;][\/vc_column_inner][\/vc_row_inner][\/vc_column][\/vc_row][vc_row padding_top_multiplier=&#8221;3x&#8221; padding_bottom_multiplier=&#8221;4x&#8221; section_id=&#8221;competence-center&#8221;][vc_column][vc_column_text]Ai sensi della Legge federale sulla protezione dei dati (LPD), Le forniamo le necessarie informazioni riguardo al trattamento dei dati personali raccolti\u00a0<strong>durante la Sua esperienza sul nostro sito\u00a0<a href=\"https:\/\/switzerland-innovation.com\/ticino\">https:\/\/switzerland-innovation.com\/ticino<\/a><\/strong><\/p>\n<p>&nbsp;<\/p>\n<p><strong>CATEGORIE DI DATI PERSONALI OGGETTO DEL TRATTAMENTO | DEFINIZIONI<\/strong><br \/>\nI dati personali forniti \u2013 o altrimenti acquisiti in conformit\u00e0 delle disposizioni legislative e contrattuali in vigore \u2013 inerenti, connessi e\/o strumentali alla valutazione della Sua esperienza sul nostro sito, saranno trattati ai sensi della LPD e degli obblighi di riservatezza applicabili. Resta inteso che la presente informativa \u00e8 da considerarsi applicabile soltanto al sito qui indicato, restando esclusi eventuali widget, link e collegamenti in genere, relativi a soggetti terzi.<\/p>\n<p>Di seguito, alcune definizioni previste dalla LPD, utili a comprendere il contenuto di questo documento:<\/p>\n<ul>\n<li><strong>Dati personali<\/strong>: tutte le informazioni relative a una persona identificata o identificabile. In particolare,\u00a0<strong>effettueremo il trattamento dei seguenti dati personali<\/strong>: dati di navigazione (per maggiori informazioni sui dati raccolti con i Cookie, leggere\u00a0<a href=\"https:\/\/innovationticino.com\/it\/cookie-policy\/\">l\u2019Informativa sui Cookie<\/a>), dati forniti volontariamente dall\u2019utente (attraverso l\u2019invio dei dati inseriti nei form presenti su questo sito, come quello relativo alla richiesta di contatto\/informazioni, in cui sono richiesti, ad esempio: nome, cognome, indirizzo e-mail).<\/li>\n<li><strong>Persone interessate<\/strong>: persone fisiche o giuridiche i cui dati sono oggetto del trattamento (nel seguito, anche \u201cLei\u201d).<\/li>\n<li><strong>Trattamento<\/strong>: qualsiasi operazione relativa ai dati personali, indipendentemente dai mezzi e dalle procedure adottati, e segnatamente la raccolta, la conservazione, l\u2019uso, la revisione, la comunicazione, l\u2019archiviazione o la distruzione dei dati.<\/li>\n<li><strong>Comunicazione<\/strong>: ossia, rendere i dati personali accessibili, ad esempio consentendone l\u2019accesso, la trasmissione o la pubblicazione.<\/li>\n<\/ul>\n<p>&nbsp;<\/p>\n<p><strong>IDENTIT\u00c0 E CONTATTI DEL TITOLARE DEL TRATTAMENTO<\/strong><br \/>\nIl soggetto che determina le finalit\u00e0 e i mezzi del presente trattamento di dati personali \u00e8\u00a0<strong>FONDAZIONE AGIRE<\/strong>, una fondazione di diritto svizzero, ai sensi degli artt. 80 e segg. del Codice Civile, con sede in Via Cantonale 18, Suglio Business Center, 6928 Manno, CHE-116.382.742 (di seguito definita anche \u201cTitolare\u201d o \u201cFondazione\u201d o \u201cnoi\u201d).<br \/>\nIl Titolare del trattamento pu\u00f2 essere contattato al seguente indirizzo:\u00a0<a href=\"mailto:info@agire.ch\">info@agire.ch<\/a><\/p>\n<p>&nbsp;<\/p>\n<p><strong>SCOPO DEL TRATTAMENTO | PERIODO DI CONSERVAZIONE DEI DATI<\/strong><\/p>\n<ul>\n<li>Attivit\u00e0 strettamente necessarie alla navigazione dell\u2019utente su questo sito Internet e per controllare il suo corretto funzionamento. Si precisa che i sistemi informatici preposti al funzionamento di questo sito acquisiscono, nel corso del loro normale esercizio, alcuni dati personali la cui trasmissione \u00e8 implicita nell\u2019uso dei protocolli di comunicazione di Internet. In questa categoria di dati rientrano gli indirizzi IP o i nomi a dominio dei computer e dei terminali utilizzati dagli utenti, gli indirizzi in notazione URI\/URL (Uniform Resource Identifier\/Locator) delle risorse richieste, l\u2019orario della richiesta, il metodo utilizzato nel sottoporre la richiesta al server, la dimensione del file ottenuto in risposta, il codice numerico indicante lo stato della risposta data dal server (buon fine, errore, ecc.) ed altri parametri relativi al sistema operativo e all\u2019ambiente informatico dell\u2019utente. I dati saranno conservati fino al termine della sessione di navigazione. Per i dati trattati con cookie tecnici, si prega di consultare la nostra Cookie Policy.<\/li>\n<li>Ottenere informazioni statistiche anonime sull\u2019uso del sito. Per informazioni riguardo il periodo di conservazione dei dati si prega di consultare la nostra Cookie Policy.<\/li>\n<li>Riscontrare le richieste ricevute tramite l\u2019area \u201cContatti\u201d, presente su questo sito. I dati saranno conservati per il tempo necessario a raggiungere la finalit\u00e0 e, per obblighi amministrativi, potranno essere conservati fino a 10 anni qualora venga instaurato un rapporto.<\/li>\n<li>Attivit\u00e0 di direct marketing (previo consenso) con mezzi automatizzati. Raccoglieremo i dati necessari per l\u2019invio di e-mail promozionali, relative ai servizi forniti da Fondazione Agire, come pure l\u2019invito a partecipare ad eventi di cui il Titolare \u00e8 organizzatore, co-organizzatore, sponsor o \u00e8 comunque coinvolto. I dati saranno conservati fino alla revoca del consenso prestato.<\/li>\n<\/ul>\n<p>&nbsp;<\/p>\n<p><strong>MODALIT\u00c0 DI TRATTAMENTO DEI DATI<\/strong><br \/>\nIl trattamento sar\u00e0 svolto in forma automatizzata, con modalit\u00e0 e strumenti volti a garantire la massima sicurezza e riservatezza, ad opera di soggetti di ci\u00f2 appositamente istruiti. I dati personali raccolti verranno conservati in una forma che consenta l\u2019identificazione degli interessati per un arco di tempo non superiore al conseguimento delle finalit\u00e0 per le quali i dati personali sono trattati e, in ogni caso, per il periodo di conservazione dei dati previsto al punto che precede.<\/p>\n<p>&nbsp;<\/p>\n<p><strong>DESTINATARI DEI DATI PERSONALI<\/strong><br \/>\nPossiamo condividere le informazioni personali con i dipendenti e\/o il personale che agisce sotto l\u2019autorit\u00e0 del Titolare del trattamento (debitamente istruiti a tal fine), oltre a terzi vincolati a Fondazione Agire da rapporto contrattuale, allo scopo di adempiere gli obblighi contrattuali e di soddisfare una o pi\u00f9 delle predette finalit\u00e0 del trattamento. Tali terzi elaboreranno i dati forniti in qualit\u00e0 di responsabili del trattamento o di titolari del trattamento indipendenti. Nello specifico, possiamo condividere i dati personali raccolti con le seguenti categorie di destinatari: a) soggetti che forniscono servizi correlati al funzionamento di questo sito internet, al sistema informatico di Fondazione Agire e delle reti di telecomunicazione (per es., hosting provider, webmaster); b) societ\u00e0 di assistenza e consulenza (per es., agenzie web); c) autorit\u00e0 competenti per il rispetto degli obblighi di legge e\/o le disposizioni degli enti pubblici, su richiesta.<\/p>\n<p>&nbsp;<\/p>\n<p><strong>COMUNICAZIONE DEI DATI PERSONALI AL DI FUORI DELLA CONFEDERAZIONE<\/strong><br \/>\nIl sito \u00e8 basato in Germania (hosting) e, pertanto, i dati personali trattati non saranno conservati soltanto in Svizzera, ma anche trasmessi all\u2019esterno della Confederazione. Si precisa che la Germania \u00e8 un Paese che il Consiglio Federale considera adeguato per la comunicazione di dati personali (cfr, All. 1 dell\u2019OPDa). In caso di iscrizione alla newsletter, i dati saranno comunicati anche con il fornitore del servizio, basato negli USA. In caso di comunicazione di dati personali presso paesi esteri non ricompresi nell\u2019All. 1 dell\u2019OPDa, il trasferimento sar\u00e0 effettuato conformemente alle disposizioni della LPD e della OPDa e, in particolare, sulle seguenti basi:<\/p>\n<ul>\n<li>in presenza di adeguate garanzie, nella fattispecie misure contrattuali, volte a garantire un\u2019adeguata protezione all\u2019estero;<\/li>\n<li>il trattamento \u00e8 direttamente collegato alla conclusione o esecuzione di un contratto e i dati oggetto del trattamento riguardano l\u2019altra parte;<\/li>\n<li>la comunicazione ha luogo all\u2019interno della stessa entit\u00e0 legale o tra entit\u00e0 legali che si trovino sotto un\u2019unica gestione, a condizione che l\u2019emittente e il ricevente rispettino norme volte a garantire un\u2019adeguata protezione dei dati.<\/li>\n<\/ul>\n<p>&nbsp;<\/p>\n<p><strong>DIRITTI DELL\u2019INTERESSATO<\/strong><br \/>\nAi sensi della LPD, il Titolare del trattamento riconosce, alla persona interessata, i seguenti diritti (lista non esauriente):<\/p>\n<ul>\n<li>ottenere la rettifica dei dati personali inesatti o obsoleti;<\/li>\n<li>essere informato\/a per iscritto e gratuitamente se i dati personali che La riguardano sono oggetto di trattamento;<\/li>\n<li>revocare il consenso al trattamento dei dati eventualmente fornito in precedenza;<\/li>\n<li>prevenire la comunicazione a terzi di eventuali dati personali sensibili;<\/li>\n<li>ottenere la portabilit\u00e0 dei dati personali o richiedere che vengano trasferiti a terzi;<\/li>\n<li>richiedere la limitazione o il blocco del trattamento dei dati, la prevenzione della comunicazione dei dati a terzi o la rettifica o distruzione dei dati personali;<\/li>\n<li>richiedere il divieto di uno specifico trattamento dei dati personali e di una specifica comunicazione dei dati personali a terzi o la cancellazione o distruzione di determinati dati personali;<\/li>\n<li>qualora n\u00e9 la correttezza n\u00e9 l\u2019inesattezza dei dati personali possano essere provate, richiedere l\u2019aggiunta di una nota per indicare la contestazione;<\/li>\n<li>richiedere che la rettifica, la distruzione, il blocco, soprattutto la comunicazione a terzi, oltre alla nota sulla contestazione o sentenza venga comunicata a terzi o pubblicata;<\/li>\n<li>far dichiarare l\u2019illegittimit\u00e0 del trattamento dei dati personali.<\/li>\n<\/ul>\n<p>Riservato ogni altro ricorso amministrativo e giurisdizionale, se l\u2019utente ritiene che il trattamento dei dati che lo riguarda violi quanto previsto dalla LPD, ha il diritto di proporre reclamo alla competente Autorit\u00e0 di controllo (Incaricato Federale per la Protezione dei dati e per la Trasparenza).<\/p>\n<p>Pu\u00f2 esercitare i Suoi diritti ai sensi della LPD contattando il Titolare del trattamento scrivendo agli indirizzi sopra indicati. Per annullare la sua eventuale iscrizione al nostro servizio di newsletter (marketing diretto) pu\u00f2 anche utilizzare gli strumenti automatici di cancellazione previsti.<\/p>\n<p>&nbsp;<\/p>\n<p><strong>INFORMAZIONI AGGIUNTIVE | MODIFICHE | AGGIORNAMENTI<\/strong><br \/>\nIl Titolare del trattamento si riserva il diritto di rivedere, aggiornare, aggiungere o rimuovere qualsiasi parte della presente informativa sulla privacy a propria discrezione in qualsiasi momento. In caso di modifiche, verr\u00e0 indicata la data di aggiornamento.<\/p>\n<p>&nbsp;<\/p>\n<p><strong>Data dell\u2019ultimo aggiornamento: 29 novembre 2023<\/strong>[\/vc_column_text][\/vc_column][\/vc_row]<\/p>\n","protected":false},"excerpt":{"rendered":"<p>[vc_row heading_color=&#8221;light&#8221; bg_type=&#8221;image&#8221; bg_image=&#8221;250&#8243; bg_image_type=&#8221;animated&#8221; padding_top_multiplier=&#8221;4x&#8221; padding_bottom_multiplier=&#8221;4x&#8221; equal_column_height=&#8221;equal-column&#8221; font_color=&#8221;#ffffff&#8221;][vc_column vertical_content_position=&#8221;middle&#8221;][vc_row_inner][vc_column_inner tablet_sm_width=&#8221;hide&#8221; mobile_width=&#8221;hide&#8221;][\/vc_column_inner][\/vc_row_inner][vc_row_inner css=&#8221;.vc_custom_1614005632432{margin-bottom: 0px !important;padding-bottom: 6px !important;}&#8221;][vc_column_inner width=&#8221;3\/4&#8243;][vc_column_text] PARK TICINO | SITE OF PARK ZURICH [\/vc_column_text][\/vc_column_inner][vc_column_inner width=&#8221;1\/4&#8243;][\/vc_column_inner][\/vc_row_inner][vc_row_inner css=&#8221;.vc_custom_1613643582505{margin-top: 0px !important;padding-top: 0px !important;}&#8221;][vc_column_inner width=&#8221;3\/4&#8243; css=&#8221;.vc_custom_1614005595166{border-top-width: 1px !important;padding-top: 2.1% !important;border-top-color: #ffffff !important;border-top-style: solid !important;}&#8221;][vc_column_text] PRIVACY POLICY [\/vc_column_text][\/vc_column_inner][vc_column_inner width=&#8221;1\/4&#8243;][\/vc_column_inner][\/vc_row_inner][\/vc_column][\/vc_row][vc_row padding_top_multiplier=&#8221;3x&#8221; padding_bottom_multiplier=&#8221;4x&#8221; section_id=&#8221;competence-center&#8221;][vc_column][vc_column_text]Ai sensi della Legge federale sulla protezione [&hellip;]<\/p>\n","protected":false},"author":4,"featured_media":0,"parent":0,"menu_order":0,"comment_status":"closed","ping_status":"closed","template":"","meta":{"footnotes":""},"class_list":["post-2144","page","type-page","status-publish","hentry"],"_links":{"self":[{"href":"https:\/\/innovationticino.com\/it\/wp-json\/wp\/v2\/pages\/2144","targetHints":{"allow":["GET"]}}],"collection":[{"href":"https:\/\/innovationticino.com\/it\/wp-json\/wp\/v2\/pages"}],"about":[{"href":"https:\/\/innovationticino.com\/it\/wp-json\/wp\/v2\/types\/page"}],"author":[{"embeddable":true,"href":"https:\/\/innovationticino.com\/it\/wp-json\/wp\/v2\/users\/4"}],"replies":[{"embeddable":true,"href":"https:\/\/innovationticino.com\/it\/wp-json\/wp\/v2\/comments?post=2144"}],"version-history":[{"count":5,"href":"https:\/\/innovationticino.com\/it\/wp-json\/wp\/v2\/pages\/2144\/revisions"}],"predecessor-version":[{"id":2154,"href":"https:\/\/innovationticino.com\/it\/wp-json\/wp\/v2\/pages\/2144\/revisions\/2154"}],"wp:attachment":[{"href":"https:\/\/innovationticino.com\/it\/wp-json\/wp\/v2\/media?parent=2144"}],"curies":[{"name":"wp","href":"https:\/\/api.w.org\/{rel}","templated":true}]}}